{"id":369,"date":"2025-03-18T18:23:03","date_gmt":"2025-03-18T17:23:03","guid":{"rendered":"https:\/\/receviladecans.cat\/comite-cientifico\/"},"modified":"2025-06-05T15:26:27","modified_gmt":"2025-06-05T13:26:27","slug":"comite-cientifico","status":"publish","type":"page","link":"https:\/\/receviladecans.cat\/es\/comite-cientifico\/","title":{"rendered":"Comit\u00e9 Cient\u00edfico"},"content":{"rendered":"<div class=\"wpb-content-wrapper\"><p>[vc_row full_width=\u00bbstretch_row_content_no_spaces\u00bb content_placement=\u00bbmiddle\u00bb parallax=\u00bbcontent-moving\u00bb parallax_image=\u00bb168&#8243; css_animation=\u00bbfadeIn\u00bb el_id=\u00bbheader-title\u00bb css=\u00bb.vc_custom_1740572177937{margin-bottom: 4rem !important;}\u00bb][vc_column css=\u00bb.vc_custom_1738617474251{margin-top: 0px !important;margin-bottom: 0px !important;padding-top: 8rem !important;padding-bottom: 8rem !important;background-color: #D7D7D799 !important;}\u00bb][vc_custom_heading source=\u00bbpost_title\u00bb font_container=\u00bbtag:h1|text_align:center|color:%23616160&#8243; use_theme_fonts=\u00bbyes\u00bb css_animation=\u00bbnone\u00bb css=\u00bb.vc_custom_1738622140542{margin-bottom: 0px !important;}\u00bb][\/vc_column][\/vc_row][vc_row css_animation=\u00bbfadeIn\u00bb el_class=\u00bbinscripcions\u00bb][vc_column width=\u00bb1\/6&#8243;][\/vc_column][vc_column width=\u00bb2\/3&#8243;][vc_column_text css=\u00bb\u00bb]El Comit\u00e9 Cient\u00edfico del 17\u00ba Encuentro de RECE tiene como objetivo aportar an\u00e1lisis, propuestas y directrices de alto nivel a este encuentro y desarrollan las siguientes tareas:<\/p>\n<ul>\n<li aria-level=\"1\"><b>Explorar y profundizar en la tem\u00e1tica<\/b> del Encuentro, proponiendo ejes de trabajo y sugiriendo posibles ponentes e invitados.<\/li>\n<li aria-level=\"1\"><b>Evaluar las experiencias presentadas<\/b> , siguiendo criterios de valoraci\u00f3n establecidos, para seleccionar las que formar\u00e1n parte del programa oficial.<\/li>\n<li aria-level=\"1\"><b>Apoyar actividades previas al Encuentro<\/b> , tales como conferencias de prensa y reuniones de presentaci\u00f3n.<\/li>\n<li aria-level=\"1\"><b>Acompa\u00f1ar y moderar espacios de trabajo<\/b> durante el evento, colaborando en la coordinaci\u00f3n de invitados y sesiones.<\/li>\n<\/ul>\n<p>[\/vc_column_text][vc_column_text css=\u00bb\u00bb]<\/p>\n<table>\n<thead>\n<tr>\n<th colspan=\"2\">Composici\u00f3n<\/th>\n<\/tr>\n<\/thead>\n<tbody>\n<tr>\n<td>Juan Antonio Aguilar<\/td>\n<td>Cocreador de FP INNOVACI\u00d3N y Profesor experto en Formaci\u00f3n Profesional &#8211; Universidad de M\u00e1laga<\/td>\n<\/tr>\n<tr>\n<td>M\u00e0rius Mart\u00ednez Mu\u00f1oz<\/td>\n<td>Profesor titular de Orientaci\u00f3n Profesional \u2013 Universitat Aut\u00f2noma de Barcelona<\/td>\n<\/tr>\n<tr>\n<td>Rosa Guitart<\/td>\n<td>Psicopedagog\u00eda y Diplomada en Educaci\u00f3n Social, actualmente jubilada, Col\u00b7legi d\u2019Educadors Socials de Catalunya<\/td>\n<\/tr>\n<tr>\n<td>Miriam Nicodemus<\/td>\n<td>Educadora social colegiada, actualmente trabaja para el Ajuntament de Barcelona en absentismo, Col\u00b7legi d\u2019Educadors Socials de Catalunya<\/td>\n<\/tr>\n<tr>\n<td>Maria Tru\u00f1\u00f3<\/td>\n<td>Directora de la Alian\u00e7a Educaci\u00f3 360<\/td>\n<\/tr>\n<tr>\n<td>Rosalina Alcalde<\/td>\n<td>Directora de la Plataforma Zero Abandonament \u2013 Fundaci\u00f3 Bofill<\/td>\n<\/tr>\n<tr>\n<td>Oscar Pascual<\/td>\n<td>T\u00e9cnico asesor referente en orientaci\u00f3n educativa, Diputaci\u00f3 de Barcelona<\/td>\n<\/tr>\n<tr>\n<td>Neus G\u00f3mez<\/td>\n<td>T\u00e9cnica asesora en FP y postobligatoria, Diputaci\u00f3 de Barcelona<\/td>\n<\/tr>\n<tr>\n<td>Emilia Fornalli<\/td>\n<td>Directora de la Escola Montserratina de Viladecans<\/td>\n<\/tr>\n<tr>\n<td>M. Bel\u00e9n Rodr\u00edguez<\/td>\n<td>Directora de la Escola \u00c0ngela Roca de Viladecans<\/td>\n<\/tr>\n<tr>\n<td>Jaume Funes<\/td>\n<td>Psic\u00f3logo, educador y periodista. Experto en adolescencia y fracaso escolar<\/td>\n<\/tr>\n<\/tbody>\n<\/table>\n<p>[\/vc_column_text][\/vc_column][vc_column width=\u00bb1\/6&#8243;][\/vc_column][\/vc_row]<\/p>\n<\/div>","protected":false},"excerpt":{"rendered":"<p>[vc_row full_width=\u00bbstretch_row_content_no_spaces\u00bb content_placement=\u00bbmiddle\u00bb parallax=\u00bbcontent-moving\u00bb parallax_image=\u00bb168&#8243; css_animation=\u00bbfadeIn\u00bb el_id=\u00bbheader-title\u00bb css=\u00bb.vc_custom_1740572177937{margin-bottom: 4rem !important;}\u00bb][vc_column css=\u00bb.vc_custom_1738617474251{margin-top: 0px !important;margin-bottom: 0px !important;padding-top: 8rem !important;padding-bottom: 8rem !important;background-color: #D7D7D799 !important;}\u00bb][vc_custom_heading source=\u00bbpost_title\u00bb font_container=\u00bbtag:h1|text_align:center|color:%23616160&#8243; use_theme_fonts=\u00bbyes\u00bb css_animation=\u00bbnone\u00bb css=\u00bb.vc_custom_1738622140542{margin-bottom: 0px !important;}\u00bb][\/vc_column][\/vc_row][vc_row css_animation=\u00bbfadeIn\u00bb el_class=\u00bbinscripcions\u00bb][vc_column width=\u00bb1\/6&#8243;][\/vc_column][vc_column width=\u00bb2\/3&#8243;][vc_column_text css=\u00bb\u00bb]El Comit\u00e9 Cient\u00edfico del 17\u00ba Encuentro de RECE tiene como objetivo aportar an\u00e1lisis, propuestas y directrices de alto nivel a este encuentro y&hellip;<\/p>\n","protected":false},"author":1,"featured_media":0,"parent":0,"menu_order":0,"comment_status":"closed","ping_status":"closed","template":"","meta":{"_acf_changed":false,"footnotes":""},"class_list":["post-369","page","type-page","status-publish","hentry"],"acf":[],"_links":{"self":[{"href":"https:\/\/receviladecans.cat\/es\/wp-json\/wp\/v2\/pages\/369","targetHints":{"allow":["GET"]}}],"collection":[{"href":"https:\/\/receviladecans.cat\/es\/wp-json\/wp\/v2\/pages"}],"about":[{"href":"https:\/\/receviladecans.cat\/es\/wp-json\/wp\/v2\/types\/page"}],"author":[{"embeddable":true,"href":"https:\/\/receviladecans.cat\/es\/wp-json\/wp\/v2\/users\/1"}],"replies":[{"embeddable":true,"href":"https:\/\/receviladecans.cat\/es\/wp-json\/wp\/v2\/comments?post=369"}],"version-history":[{"count":10,"href":"https:\/\/receviladecans.cat\/es\/wp-json\/wp\/v2\/pages\/369\/revisions"}],"predecessor-version":[{"id":587,"href":"https:\/\/receviladecans.cat\/es\/wp-json\/wp\/v2\/pages\/369\/revisions\/587"}],"wp:attachment":[{"href":"https:\/\/receviladecans.cat\/es\/wp-json\/wp\/v2\/media?parent=369"}],"curies":[{"name":"wp","href":"https:\/\/api.w.org\/{rel}","templated":true}]}}