{"id":375,"date":"2025-02-03T21:55:56","date_gmt":"2025-02-03T20:55:56","guid":{"rendered":"https:\/\/receviladecans.cat\/viladecans-ciudad-educadora-coordinadora-rece-2023-2025\/"},"modified":"2025-03-19T20:10:26","modified_gmt":"2025-03-19T19:10:26","slug":"viladecans-ciudad-educadora","status":"publish","type":"page","link":"https:\/\/receviladecans.cat\/es\/viladecans-ciudad-educadora\/","title":{"rendered":"Viladecans, ciudad educadora, coordinadora RECE 2023-2025"},"content":{"rendered":"<div class=\"wpb-content-wrapper\"><p>[vc_row full_width=\u00bbstretch_row_content_no_spaces\u00bb content_placement=\u00bbmiddle\u00bb parallax=\u00bbcontent-moving\u00bb parallax_image=\u00bb168&#8243; css_animation=\u00bbfadeIn\u00bb el_id=\u00bbheader-title\u00bb][vc_column css=\u00bb.vc_custom_1738617474251{margin-top: 0px !important;margin-bottom: 0px !important;padding-top: 8rem !important;padding-bottom: 8rem !important;background-color: #D7D7D799 !important;}\u00bb][vc_custom_heading text=\u00bbViladecans, ciudad educadora, coordinadora RECE 2023-2025&#8243; font_container=\u00bbtag:h1|text_align:center|color:%23616160&#8243; use_theme_fonts=\u00bbyes\u00bb css_animation=\u00bbnone\u00bb css=\u00bb.vc_custom_1738618683607{margin-bottom: 0px !important;}\u00bb][\/vc_column][\/vc_row][vc_row full_width=\u00bbstretch_row\u00bb css_animation=\u00bbfadeIn\u00bb css=\u00bb.vc_custom_1738689706063{margin-bottom: 4rem !important;padding-top: 3rem !important;background-color: #FFFFFF !important;}\u00bb][vc_column][vc_video link=\u00bbhttps:\/\/www.youtube.com\/watch?v=eRjbnpdr9UY\u00bb align=\u00bbcenter\u00bb css_animation=\u00bbnone\u00bb css=\u00bb\u00bb][\/vc_column][\/vc_row][vc_row gap=\u00bb30&#8243; equal_height=\u00bbyes\u00bb content_placement=\u00bbmiddle\u00bb][vc_column css_animation=\u00bbfadeIn\u00bb width=\u00bb1\/2&#8243;][vc_custom_heading text=\u00bbCoordinamos la Red Estatal de Ciudades Educadoras (RECE)\u00bb font_container=\u00bbtag:h2|text_align:left|color:%23CA4D5D\u00bb use_theme_fonts=\u00bbyes\u00bb css_animation=\u00bbfadeIn\u00bb css=\u00bb\u00bb][vc_column_text css=\u00bb.vc_custom_1742302646480{margin-bottom: 0px !important;}\u00bb]<\/p>\n<p style=\"text-align: justify;\">Tenemos el honor de coordinar la Red Estatal de Ciudades Educadoras (RECE), una iniciativa que agrupa a 239 ciudades de Espa\u00f1a con el objetivo de promover la colaboraci\u00f3n y el intercambio de experiencias en el campo de la educaci\u00f3n. Esta red de #CiudadesEducadoras fomenta un modelo de ciudad donde la educaci\u00f3n se considera un elemento esencial para el desarrollo integral de sus habitantes.<\/p>\n<p style=\"text-align: justify;\">Desde que nos adherimos a la Carta de Ciudades Educadoras hace m\u00e1s de treinta a\u00f1os, hemos participado activamente en diversas redes educadoras, tanto a nivel estatal como internacional. Como ciudad coordinadora de la RECE impulsamos v\u00ednculos y proyectos conjuntos entre las ciudades miembros de esta red y de la Asociaci\u00f3n Internacional de Ciudades Educadoras (AICE). Nuestros objetivos estrat\u00e9gicos incluyen dar a conocer la Misi\u00f3n de abandono escolar cero, fomentar la titulaci\u00f3n de estudios postobligatorios entre la juventud, proporcionar una plataforma de intercambio de experiencias entre ciudades y profundizar en el concepto de ciudad educadora.<\/p>\n<p>[\/vc_column_text][\/vc_column][vc_column css_animation=\u00bbfadeIn\u00bb width=\u00bb1\/2&#8243;][vc_single_image image=\u00bb65&#8243; img_size=\u00bblarge\u00bb alignment=\u00bbcenter\u00bb css=\u00bb\u00bb el_class=\u00bbimatge-text\u00bb][\/vc_column][\/vc_row][vc_row gap=\u00bb30&#8243; equal_height=\u00bbyes\u00bb content_placement=\u00bbmiddle\u00bb css=\u00bb.vc_custom_1738617706603{margin-bottom: 4rem !important;}\u00bb][vc_column][vc_btn title=\u00bbDescarga el dossier de la candidatura\u00bb style=\u00bbgradient-custom\u00bb gradient_custom_color_1=\u00bb#CEDAE0&#8243; gradient_custom_color_2=\u00bb#D8DFE2&#8243; gradient_text_color=\u00bb#414141&#8243; size=\u00bblg\u00bb align=\u00bbleft\u00bb i_icon_fontawesome=\u00bbfar fa-file-pdf\u00bb css_animation=\u00bbfadeIn\u00bb css=\u00bb\u00bb add_icon=\u00bbtrue\u00bb link=\u00bburl:https%3A%2F%2Freceviladecans.cat%2Fwp-content%2Fuploads%2F2025%2F02%2FDEF_Candidatura-coordinacio-RECE-2023-2025.pdf|title:Descarga%20el%20dossier%20de%20la%20candidatura|target:_blank|\u00bb][vc_column_text css_animation=\u00bbfadeIn\u00bb css=\u00bb\u00bb]Desde el Ayuntamiento de Viladecans, le animamos a conocer m\u00e1s sobre nuestra labor como ciudad coordinadora ya participar en las actividades e iniciativas que organizamos dentro de la RECE.<\/p>\n<p> \u00bfQuieres saber m\u00e1s?<\/p>\n<p> <a title=\"Web RECE\" href=\"https:\/\/www.edcities.org\/rece\/\" target=\"_blank\" rel=\"noopener\">Visita la web de la RECE<\/a> y <a title=\"RECE en la Red Social X\" href=\"https:\/\/x.com\/SomosRece\" target=\"_blank\" rel=\"noopener\">sigue las redes sociales<\/a> de la RECE.[\/vc_column_text][\/vc_column][\/vc_row]<\/p>\n<\/div>","protected":false},"excerpt":{"rendered":"<p>[vc_row full_width=\u00bbstretch_row_content_no_spaces\u00bb content_placement=\u00bbmiddle\u00bb parallax=\u00bbcontent-moving\u00bb parallax_image=\u00bb168&#8243; css_animation=\u00bbfadeIn\u00bb el_id=\u00bbheader-title\u00bb][vc_column css=\u00bb.vc_custom_1738617474251{margin-top: 0px !important;margin-bottom: 0px !important;padding-top: 8rem !important;padding-bottom: 8rem !important;background-color: #D7D7D799 !important;}\u00bb][vc_custom_heading text=\u00bbViladecans, ciudad educadora, coordinadora RECE 2023-2025&#8243; font_container=\u00bbtag:h1|text_align:center|color:%23616160&#8243; use_theme_fonts=\u00bbyes\u00bb css_animation=\u00bbnone\u00bb css=\u00bb.vc_custom_1738618683607{margin-bottom: 0px !important;}\u00bb][\/vc_column][\/vc_row][vc_row full_width=\u00bbstretch_row\u00bb css_animation=\u00bbfadeIn\u00bb css=\u00bb.vc_custom_1738689706063{margin-bottom: 4rem !important;padding-top: 3rem !important;background-color: #FFFFFF !important;}\u00bb][vc_column][vc_video link=\u00bbhttps:\/\/www.youtube.com\/watch?v=eRjbnpdr9UY\u00bb align=\u00bbcenter\u00bb css_animation=\u00bbnone\u00bb css=\u00bb\u00bb][\/vc_column][\/vc_row][vc_row gap=\u00bb30&#8243; equal_height=\u00bbyes\u00bb content_placement=\u00bbmiddle\u00bb][vc_column css_animation=\u00bbfadeIn\u00bb width=\u00bb1\/2&#8243;][vc_custom_heading text=\u00bbCoordinamos la Red Estatal de Ciudades Educadoras&hellip;<\/p>\n","protected":false},"author":1,"featured_media":0,"parent":0,"menu_order":0,"comment_status":"closed","ping_status":"closed","template":"","meta":{"_acf_changed":false,"footnotes":""},"class_list":["post-375","page","type-page","status-publish","hentry"],"acf":[],"_links":{"self":[{"href":"https:\/\/receviladecans.cat\/es\/wp-json\/wp\/v2\/pages\/375","targetHints":{"allow":["GET"]}}],"collection":[{"href":"https:\/\/receviladecans.cat\/es\/wp-json\/wp\/v2\/pages"}],"about":[{"href":"https:\/\/receviladecans.cat\/es\/wp-json\/wp\/v2\/types\/page"}],"author":[{"embeddable":true,"href":"https:\/\/receviladecans.cat\/es\/wp-json\/wp\/v2\/users\/1"}],"replies":[{"embeddable":true,"href":"https:\/\/receviladecans.cat\/es\/wp-json\/wp\/v2\/comments?post=375"}],"version-history":[{"count":2,"href":"https:\/\/receviladecans.cat\/es\/wp-json\/wp\/v2\/pages\/375\/revisions"}],"predecessor-version":[{"id":377,"href":"https:\/\/receviladecans.cat\/es\/wp-json\/wp\/v2\/pages\/375\/revisions\/377"}],"wp:attachment":[{"href":"https:\/\/receviladecans.cat\/es\/wp-json\/wp\/v2\/media?parent=375"}],"curies":[{"name":"wp","href":"https:\/\/api.w.org\/{rel}","templated":true}]}}