{"id":398,"date":"2025-02-28T13:43:09","date_gmt":"2025-02-28T12:43:09","guid":{"rendered":"https:\/\/receviladecans.cat\/terminos-y-condiciones\/"},"modified":"2025-03-19T20:10:19","modified_gmt":"2025-03-19T19:10:19","slug":"terminos-condiciones","status":"publish","type":"page","link":"https:\/\/receviladecans.cat\/es\/terminos-condiciones\/","title":{"rendered":"T\u00e9rminos y Condiciones"},"content":{"rendered":"<div class=\"wpb-content-wrapper\"><p>[vc_row full_width=\u00bbstretch_row_content_no_spaces\u00bb content_placement=\u00bbmiddle\u00bb parallax=\u00bbcontent-moving\u00bb parallax_image=\u00bb168&#8243; css_animation=\u00bbfadeIn\u00bb el_id=\u00bbheader-title\u00bb css=\u00bb.vc_custom_1740569904938{margin-bottom: 4rem !important;}\u00bb][vc_column css=\u00bb.vc_custom_1738617474251{margin-top: 0px !important;margin-bottom: 0px !important;padding-top: 8rem !important;padding-bottom: 8rem !important;background-color: #D7D7D799 !important;}\u00bb][vc_custom_heading source=\u00bbpost_title\u00bb font_container=\u00bbtag:h1|text_align:center|color:%23616160&#8243; use_theme_fonts=\u00bbyes\u00bb css_animation=\u00bbnone\u00bb css=\u00bb.vc_custom_1738622140542{margin-bottom: 0px !important;}\u00bb][\/vc_column][\/vc_row][vc_row css_animation=\u00bbfadeIn\u00bb][vc_column width=\u00bb1\/6&#8243;][\/vc_column][vc_column width=\u00bb2\/3&#8243;][vc_column_text css=\u00bb\u00bb]<\/p>\n<h2 style=\"text-align: justify;\">Aviso legal<\/h2>\n<p style=\"text-align: justify;\">Datos identificativos de la entidad<\/p>\n<p style=\"text-align: justify;\">Ajuntament de Viladecans<br \/>\nC\/ Jaume Abril, 2<br \/>\nTel\u00e9fono: 936351800<\/p>\n<h3 style=\"text-align: justify;\">Pol\u00edtica de privacidad<\/h3>\n<h4 style=\"text-align: justify;\">Responsable del tratamiento<\/h4>\n<p style=\"text-align: justify;\">Identidad: Ajuntament de Viladecans.<br \/>\nCIF: P0830200B<br \/>\nDirecci\u00f3n postal: Carrer Jaume Abril, 2. 08840 Viladecans<br \/>\nE-mail: <a href=\"mailto:dpd@viladecans.cat\" target=\"_blank\" rel=\"noopener\">dpd@viladecans.cat<\/a> <\/p>\n<p style=\"text-align: justify;\">El Ayuntamiento de Viladecans, como responsable del sitio web, de conformidad con lo dispuesto en el Reglamento (UE) 2016\/679 de 27 de abril de 2016 (RGPD) relativo a la protecci\u00f3n de las personas f\u00edsicas en cuanto al tratamiento de datos personales, y por la Ley 34\/2002, de 11 de julio, de Servicios de la Sociedad de la Informaci\u00f3n y del Comercio Electr\u00f3nico (LSSICE), le informa que ha implementado las medidas de seguridad necesarias, tanto t\u00e9cnicas como organizativas, para garantizar y proteger la confidencialidad, integridad y disponibilidad de los datos introducidos.<\/p>\n<h4 style=\"text-align: justify;\">Finalidad del tratamiento<\/h4>\n<p style=\"text-align: justify;\">Sus datos personales solo se utilizar\u00e1n para las siguientes finalidades:<\/p>\n<ul style=\"text-align: justify;\">\n<li aria-level=\"1\">Para las gestiones inherentes a su inscripci\u00f3n y participaci\u00f3n en la XVII Encuentro de la Red Espa\u00f1ola de Ciudades Educadoras (RECE), que tendr\u00e1 lugar en Viladecans los d\u00edas 1, 2 y 3 de octubre.<\/li>\n<li aria-level=\"1\">Utilizar sus datos para responder a las consultas y\/o proporcionar informaci\u00f3n solicitada por el Usuario.<\/li>\n<li aria-level=\"1\">Notificarle cambios, desarrollos importantes de la pol\u00edtica de privacidad, aviso legal o pol\u00edtica de cookies.<\/li>\n<\/ul>\n<p style=\"text-align: justify;\">Puede revocar en cualquier momento su consentimiento enviando un escrito con el asunto \u201cBaja\u201d a <a href=\"mailto:dpd@viladecans.cat\">dpd@viladecans.cat<\/a>.<\/p>\n<p style=\"text-align: justify;\">De acuerdo con la LSSICE, el Ayuntamiento de Viladecans no realiza pr\u00e1cticas de SPAM, por lo que no env\u00eda correos comerciales por email que no hayan sido previamente solicitados o autorizados por el Usuario. En consecuencia, en todas las comunicaciones que reciba del Ayuntamiento de Viladecans, el usuario tendr\u00e1 la posibilidad de cancelar su consentimiento expreso para recibir nuestras comunicaciones. <\/p>\n<p style=\"text-align: justify;\">No trataremos sus datos personales para ninguna otra finalidad distinta a las descritas, salvo por obligaci\u00f3n legal o requerimiento judicial.<\/p>\n<p style=\"text-align: justify;\">Sus datos se conservar\u00e1n hasta el 31 de diciembre de 2025 o hasta que ejerza su derecho de cancelaci\u00f3n, oposici\u00f3n o limitaci\u00f3n al tratamiento. No obstante, conservaremos determinados datos personales identificativos y de tr\u00e1fico durante un per\u00edodo m\u00e1ximo de 5 a\u00f1os en caso de que fueran requeridos por Jueces y Tribunales o para incoar acciones internas derivadas del uso indebido de la p\u00e1gina web. <\/p>\n<p style=\"text-align: justify;\">No ser\u00e1 objeto de decisiones basadas en tratamientos automatizados que produzcan efectos sobre sus datos.<\/p>\n<h4 style=\"text-align: justify;\">Legitimaci\u00f3n del tratamiento<\/h4>\n<p style=\"text-align: justify;\">La base legal para el tratamiento de sus datos es su consentimiento otorgado para llevar a cabo las finalidades anteriormente descritas, el cual se solicitar\u00e1 en el momento de marcar la casilla correspondiente al recopilar sus datos.<\/p>\n<p style=\"text-align: justify;\">El no proporcionar los datos personales solicitados o no aceptar la presente pol\u00edtica de protecci\u00f3n de datos supone la imposibilidad de inscribirse o recibir informaci\u00f3n sobre los productos y servicios del Prestador.<\/p>\n<h4 style=\"text-align: justify;\">Comunicaciones<\/h4>\n<p style=\"text-align: justify;\">Cualquier comunicaci\u00f3n enviada quedar\u00e1 incorporada a los sistemas de informaci\u00f3n del Ayuntamiento de Viladecans. Al aceptar las presentes condiciones, t\u00e9rminos y pol\u00edticas, el Usuario consiente expresamente que el Ayuntamiento de Viladecans realice las siguientes actividades y\/o acciones, salvo que indique lo contrario: <\/p>\n<ul style=\"text-align: justify;\">\n<li aria-level=\"1\">La conservaci\u00f3n de los datos durante los per\u00edodos previstos en las disposiciones aplicables.<\/li>\n<\/ul>\n<h4 style=\"text-align: justify;\">Destinatarios de cesiones o transferencias<\/h4>\n<p style=\"text-align: justify;\">El Ayuntamiento de Viladecans lleva a cabo una cesi\u00f3n o comunicaci\u00f3n de datos internacional fuera de la UE a la empresa <strong>MAILCHIMP <\/strong>para su tratamiento. Esta cesi\u00f3n de datos se realiza bajo el amparo del acuerdo EE.UU.-UE PRIVACY SHIELD. Puede consultar m\u00e1s informaci\u00f3n en <a href=\"https:\/\/www.privacyshield.gov\/participant?id=a2zt0000000TOWQAA4\">https:\/\/www.privacyshield.gov\/participant?id=a2zt0000000TOWQAA4<\/a>  <\/p>\n<p style=\"text-align: justify;\">El Prestador solo facilitar\u00e1 informaci\u00f3n a las fuerzas y cuerpos de seguridad bajo orden judicial o por obligaci\u00f3n de una norma legal, sin perjuicio de poder bloquear o cancelar su cuenta si hubiera indicios de la comisi\u00f3n de alg\u00fan delito por parte del usuario. La informaci\u00f3n facilitada ser\u00e1 \u00fanicamente la que disponga en ese momento el prestador. <\/p>\n<h4 style=\"text-align: justify;\">Derechos de las personas interesadas<\/h4>\n<p style=\"text-align: justify;\">Como usuario-interesado, puede solicitar el ejercicio de los siguientes derechos ante el Ayuntamiento de Viladecans presentando un escrito a la direcci\u00f3n postal indicada en el encabezado o accediendo a este <a href=\"https:\/\/seuelectronica.viladecans.cat\/ca\/tramits\/tramits-per-temes\/acces-a-la-informacio\">espacio <\/a>si desea hacerlo de manera telem\u00e1tica, adjuntando fotocopia de su DNI o cualquier otro medio an\u00e1logo en derecho, tal y como indica la ley.<\/p>\n<p style=\"text-align: justify;\">Derechos:<\/p>\n<ul style=\"text-align: justify;\">\n<li aria-level=\"1\">Derecho de acceso: permite al interesado conocer y obtener informaci\u00f3n sobre sus datos de car\u00e1cter personal sometidos a tratamiento.<\/li>\n<li aria-level=\"1\">Derecho de rectificaci\u00f3n: permite corregir errores y modificar los datos inexactos o incompletos.<\/li>\n<li aria-level=\"1\">Derecho de supresi\u00f3n: permite la eliminaci\u00f3n de los datos que resulten ser inadecuados o excesivos.<\/li>\n<li aria-level=\"1\">Derecho de oposici\u00f3n: derecho del interesado a que no se lleve a cabo el tratamiento de sus datos o se cese en el mismo.<\/li>\n<li aria-level=\"1\">Limitaci\u00f3n del tratamiento: implica el marcado de los datos personales conservados con el fin de limitar su futuro tratamiento.<\/li>\n<li aria-level=\"1\">Portabilidad de los datos: facilita al interesado los datos objeto de tratamiento para que pueda transmitirlos a otro responsable sin impedimentos.<\/li>\n<li aria-level=\"1\">Derecho a no ser objeto de decisiones individuales automatizadas (incluida la elaboraci\u00f3n de perfiles): derecho a no ser objeto de una decisi\u00f3n basada en el tratamiento automatizado que produzca efectos o le afecte significativamente.<\/li>\n<\/ul>\n<p style=\"text-align: justify;\">Como usuario, tiene derecho a retirar su consentimiento en cualquier momento. La retirada del consentimiento no afectar\u00e1 a la licitud del tratamiento efectuado antes de la retirada del consentimiento. <\/p>\n<p style=\"text-align: justify;\">Tambi\u00e9n tiene derecho a presentar una reclamaci\u00f3n ante la autoridad de control si considera que pueden haberse vulnerado sus derechos en relaci\u00f3n con la protecci\u00f3n de sus datos (<a href=\"http:\/\/apdcat.gencat.cat\/ca\/inici\/\">http:\/\/apdcat.gencat.cat\/ca\/inici\/<\/a>).<\/p>\n<h3 style=\"text-align: justify;\">Informaci\u00f3n adicional<\/h3>\n<h4 style=\"text-align: justify;\">Informaci\u00f3n que recabamos<\/h4>\n<p style=\"text-align: justify;\">Obtenemos informaci\u00f3n mediante el formulario de inscripci\u00f3n, que incluye la informaci\u00f3n m\u00ednima e indispensable para la gesti\u00f3n del servicio. En este formulario, usted proporcionar\u00e1 los siguientes datos: nombre, apellidos, tel\u00e9fono, correo electr\u00f3nico y nombre de la empresa. <\/p>\n<h4 style=\"text-align: justify;\">Medidas de seguridad<\/h4>\n<p style=\"text-align: justify;\">Los datos que nos facilite ser\u00e1n tratados de forma confidencial. El Prestador ha adoptado todas las medidas t\u00e9cnicas y organizativas necesarias y todos los niveles de protecci\u00f3n requeridos para garantizar la seguridad en el tratamiento de los datos y evitar su alteraci\u00f3n, p\u00e9rdida, robo, tratamiento o acceso no autorizado, de acuerdo con el estado de la tecnolog\u00eda y la naturaleza de los datos almacenados. Asimismo, se garantiza que el tratamiento y registro en ficheros, programas, sistemas o equipos, locales y centros cumplen con los requisitos y condiciones de integridad y seguridad establecidos en la normativa vigente.  <\/p>\n<h4 style=\"text-align: justify;\">Cambios en la presente Pol\u00edtica de Privacidad<\/h4>\n<p style=\"text-align: justify;\">El Ayuntamiento de Viladecans se reserva el derecho a modificar esta pol\u00edtica para adaptarla a novedades legislativas o jurisprudenciales.<\/p>\n<h4 style=\"text-align: justify;\">Legislaci\u00f3n<\/h4>\n<p style=\"text-align: justify;\">A todos los efectos, las relaciones entre el Ayuntamiento de Viladecans y los Usuarios de sus servicios telem\u00e1ticos, presentes en esta Web, est\u00e1n sometidas a la legislaci\u00f3n y jurisdicci\u00f3n espa\u00f1ola, a la que las partes se someten expresamente, siendo competentes para la resoluci\u00f3n de todos los conflictos derivados o relacionados con su uso los Juzgados contencioso-administrativos de Barcelona.<\/p>\n<h3 style=\"text-align: justify;\">Accesibilidad<\/h3>\n<p style=\"text-align: justify;\">El Ayuntamiento de Viladecans est\u00e1 comprometido con la accesibilidad de sus sitios web y aplicaciones m\u00f3viles, conforme al Real Decreto 1112\/2018, de 7 de septiembre, sobre accesibilidad de los sitios web y aplicaciones m\u00f3viles del sector p\u00fablico, con el objetivo de eliminar barreras que dificulten el acceso a la informaci\u00f3n y la comunicaci\u00f3n.<\/p>\n<p style=\"text-align: justify;\">Pod\u00e9is realizar comunicaciones sobre requisitos de accesibilidad (art\u00edculo10.2.a) del Real Decreto 1112\/2018, de 7 de septiembre) como, por ejemplo:<\/p>\n<ul style=\"text-align: justify;\">\n<li>Informar sobre cualquier posible incumplimiento por parte de este sitio web.<\/li>\n<li>Transmitir dificultades de acceso al contenido.<\/li>\n<li>Formular cualquier otra consulta o sugerencia de mejora relativa a la accesibilidad del sitio web.<\/li>\n<\/ul>\n<p style=\"text-align: justify;\">A trav\u00e9s de los siguientes medios:<\/p>\n<ul style=\"text-align: justify;\">\n<li>Correo electr\u00f3nico: <a href=\"mailto:accesibilitat@viladecans.cat\">accesibilitat@viladecans.cat<\/a><\/li>\n<li>Correo postal: Jaume Abril, 2 \/ Sitges 6, 3a. planta, 08840 Viladecans <\/li>\n<\/ul>\n<p style=\"text-align: justify;\">Las comunicaciones ser\u00e1n recibidas y tratadas por la unidad responsable de accesibilidad del Ayuntamiento de Viladecans.<\/p>\n<p style=\"text-align: justify;\">Tambi\u00e9n pod\u00e9is solicitar en formato accesible informaci\u00f3n que no cumpla con los requisitos de accesibilidad, ya sea por estar excluida o por estar exenta debido a una carga desproporcionada; o formular una queja por incumplimiento de los requisitos de accesibilidad. (Art\u00edculo 12 del RD 1112\/2018, de 7 de septiembre). <\/p>\n<p style=\"text-align: justify;\">En el caso de las solicitudes de informaci\u00f3n accesible, es necesario concretar con total claridad los hechos, las razones y la petici\u00f3n que permitan constatar que se trata de una solicitud razonable y leg\u00edtima.<\/p>\n<p style=\"text-align: justify;\">Tanto las solicitudes de informaci\u00f3n accesible como la presentaci\u00f3n de quejas deben realizarse a trav\u00e9s de una <a href=\"https:\/\/seuelectronica.viladecans.cat\/ca\/tramits\/tramits-per-temes\/instancia-generica\/instancia-generica\">instancia gen\u00e9rica<\/a>.<\/p>\n<p>[\/vc_column_text][\/vc_column][vc_column width=\u00bb1\/6&#8243;][\/vc_column][\/vc_row]<\/p>\n<\/div>","protected":false},"excerpt":{"rendered":"<p>[vc_row full_width=\u00bbstretch_row_content_no_spaces\u00bb content_placement=\u00bbmiddle\u00bb parallax=\u00bbcontent-moving\u00bb parallax_image=\u00bb168&#8243; css_animation=\u00bbfadeIn\u00bb el_id=\u00bbheader-title\u00bb css=\u00bb.vc_custom_1740569904938{margin-bottom: 4rem !important;}\u00bb][vc_column css=\u00bb.vc_custom_1738617474251{margin-top: 0px !important;margin-bottom: 0px !important;padding-top: 8rem !important;padding-bottom: 8rem !important;background-color: #D7D7D799 !important;}\u00bb][vc_custom_heading source=\u00bbpost_title\u00bb font_container=\u00bbtag:h1|text_align:center|color:%23616160&#8243; use_theme_fonts=\u00bbyes\u00bb css_animation=\u00bbnone\u00bb css=\u00bb.vc_custom_1738622140542{margin-bottom: 0px !important;}\u00bb][\/vc_column][\/vc_row][vc_row css_animation=\u00bbfadeIn\u00bb][vc_column width=\u00bb1\/6&#8243;][\/vc_column][vc_column width=\u00bb2\/3&#8243;][vc_column_text css=\u00bb\u00bb] Aviso legal Datos identificativos de la entidad Ajuntament de Viladecans C\/ Jaume Abril, 2 Tel\u00e9fono: 936351800 Pol\u00edtica de privacidad Responsable del tratamiento Identidad:&hellip;<\/p>\n","protected":false},"author":1,"featured_media":0,"parent":0,"menu_order":0,"comment_status":"closed","ping_status":"closed","template":"","meta":{"_acf_changed":false,"footnotes":""},"class_list":["post-398","page","type-page","status-publish","hentry"],"acf":[],"_links":{"self":[{"href":"https:\/\/receviladecans.cat\/es\/wp-json\/wp\/v2\/pages\/398","targetHints":{"allow":["GET"]}}],"collection":[{"href":"https:\/\/receviladecans.cat\/es\/wp-json\/wp\/v2\/pages"}],"about":[{"href":"https:\/\/receviladecans.cat\/es\/wp-json\/wp\/v2\/types\/page"}],"author":[{"embeddable":true,"href":"https:\/\/receviladecans.cat\/es\/wp-json\/wp\/v2\/users\/1"}],"replies":[{"embeddable":true,"href":"https:\/\/receviladecans.cat\/es\/wp-json\/wp\/v2\/comments?post=398"}],"version-history":[{"count":4,"href":"https:\/\/receviladecans.cat\/es\/wp-json\/wp\/v2\/pages\/398\/revisions"}],"predecessor-version":[{"id":407,"href":"https:\/\/receviladecans.cat\/es\/wp-json\/wp\/v2\/pages\/398\/revisions\/407"}],"wp:attachment":[{"href":"https:\/\/receviladecans.cat\/es\/wp-json\/wp\/v2\/media?parent=398"}],"curies":[{"name":"wp","href":"https:\/\/api.w.org\/{rel}","templated":true}]}}