{"id":401,"date":"2025-02-03T23:45:40","date_gmt":"2025-02-03T22:45:40","guid":{"rendered":"https:\/\/receviladecans.cat\/redes-tematicas-rece\/"},"modified":"2026-01-07T10:33:28","modified_gmt":"2026-01-07T09:33:28","slug":"redes-tematicas","status":"publish","type":"page","link":"https:\/\/receviladecans.cat\/es\/redes-tematicas\/","title":{"rendered":"Redes tem\u00e1ticas RECE"},"content":{"rendered":"<div class=\"wpb-content-wrapper\"><p>[vc_row full_width=\u00bbstretch_row_content_no_spaces\u00bb content_placement=\u00bbmiddle\u00bb parallax=\u00bbcontent-moving\u00bb parallax_image=\u00bb168&#8243; css_animation=\u00bbfadeIn\u00bb el_id=\u00bbheader-title\u00bb css=\u00bb.vc_custom_1740610661487{margin-bottom: 4rem !important;}\u00bb][vc_column css=\u00bb.vc_custom_1738617474251{margin-top: 0px !important;margin-bottom: 0px !important;padding-top: 8rem !important;padding-bottom: 8rem !important;background-color: #D7D7D799 !important;}\u00bb][vc_custom_heading source=\u00bbpost_title\u00bb font_container=\u00bbtag:h1|text_align:center|color:%23616160&#8243; use_theme_fonts=\u00bbyes\u00bb css_animation=\u00bbnone\u00bb css=\u00bb.vc_custom_1738622140542{margin-bottom: 0px !important;}\u00bb][\/vc_column][\/vc_row][vc_row css_animation=\u00bbfadeIn\u00bb][vc_column][vc_tta_tabs style=\u00bbtheme-styled-minimal\u00bb alignment=\u00bbcenter\u00bb active_section=\u00bb1&#8243;][vc_tta_section title=\u00bbM\u00e1laga-Sevilla\u00bb tab_id=\u00bbxarxa-malaga-sevilla\u00bb][vc_custom_heading text=\u00bbRed M\u00e1laga y Sevilla\u00bb font_container=\u00bbtag:h2|text_align:left|color:%23CA4D5D\u00bb use_theme_fonts=\u00bbyes\u00bb css_animation=\u00bbfadeIn\u00bb css=\u00bb\u00bb][vc_custom_heading text=\u00bbLa inclusi\u00f3n, pilar de la ciudad educadora\u00bb font_container=\u00bbtag:h3|text_align:left|color:%23CEDBE0&#8243; use_theme_fonts=\u00bbyes\u00bb css_animation=\u00bbfadeIn\u00bb css=\u00bb.vc_custom_1742302588943{margin-bottom: 2em !important;}\u00bb][vc_row_inner][vc_column_inner width=\u00bb1\/2&#8243;][vc_column_text css=\u00bb.vc_custom_1738689969106{margin-bottom: 0px !important;}\u00bb]<strong>CIUDADES COORDINADORAS<\/strong><\/p>\n<p>M\u00e1laga y Sevilla.<\/p>\n<p><b>OBJETIVOS DE LA RED<\/b><\/p>\n<ul>\n<li>Fomentar el desarrollo de sociedades inclusivas a trav\u00e9s de la eliminaci\u00f3n de los mecanismos que generen discriminaci\u00f3n y la promoci\u00f3n de relaciones inclusivas.<\/li>\n<li>Reflexionar sobre los modelos de inclusi\u00f3n que se deben establecer en las ciudades educadoras.<\/li>\n<li>Generar un deber\u00e1 que ayude a que las pol\u00edticas educativas municipales sean factores de inclusi\u00f3n.<\/li>\n<\/ul>\n<p><b>CIUDADES PARTICIPANTES DE LA RED:<\/b><\/p>\n<ul class=\"llista-ciutats\">\n<li>Algete<\/li>\n<li>Alovera<\/li>\n<li>Argamasilla de Calatrava<\/li>\n<li>Badalona<\/li>\n<li>Canovelles<\/li>\n<li>Ciudad Real<\/li>\n<li>Getafe<\/li>\n<li>Granada<\/li>\n<li>L\u2019Hospitalet<\/li>\n<li>Lleida<\/li>\n<li>Lucena<\/li>\n<li>M\u00e9rida<\/li>\n<li>M\u00f3stoles<\/li>\n<li>Paterna<\/li>\n<li>Pinto<\/li>\n<li>Rub\u00ed<\/li>\n<li>Sabadell<\/li>\n<li>Sant Fernando de Henares<\/li>\n<li>Santomera<\/li>\n<li>Soria<\/li>\n<li>Valdepe\u00f1as<\/li>\n<li>Viladecans<\/li>\n<li>X\u00e0bia<\/li>\n<li>Zaragoza<\/li>\n<\/ul>\n<p>[\/vc_column_text][vc_btn title=\u00bbPropuesta Red Tem\u00e1tica Sevilla-M\u00e1laga\u00bb style=\u00bbgradient-custom\u00bb gradient_custom_color_1=\u00bb#CEDAE0&#8243; gradient_custom_color_2=\u00bb#D8DFE2&#8243; gradient_text_color=\u00bb#414141&#8243; size=\u00bblg\u00bb align=\u00bbleft\u00bb i_icon_fontawesome=\u00bbfa fa-regular fa-file-pdf\u00bb css_animation=\u00bbfadeIn\u00bb css=\u00bb\u00bb add_icon=\u00bbtrue\u00bb link=\u00bburl:https%3A%2F%2Freceviladecans.cat%2Fwp-content%2Fuploads%2F2025%2F02%2FPropuesta-Red-Tematica-Sevilla-Malaga.pdf|title:Propuesta%20de%20Red%20Tem%C3%A1tica|target:_blank|\u00bb][vc_btn title=\u00bbPublicaci\u00f3n Final de la Red Tem\u00e1tica Sevilla-M\u00e1laga\u00bb style=\u00bbgradient-custom\u00bb gradient_custom_color_1=\u00bb#CEDAE0&#8243; gradient_custom_color_2=\u00bb#D8DFE2&#8243; gradient_text_color=\u00bb#414141&#8243; size=\u00bblg\u00bb align=\u00bbleft\u00bb i_icon_fontawesome=\u00bbfa fa-regular fa-file-pdf\u00bb css_animation=\u00bbfadeIn\u00bb css=\u00bb\u00bb add_icon=\u00bbtrue\u00bb link=\u00bburl:https%3A%2F%2Freceviladecans.cat%2Fwp-content%2Fuploads%2F2025%2F10%2FDEF_A4_Sevilla-Malaga_Rece_vsep2025.pdf|title:Publicaci%C3%B3n%20Final%20de%20la%20Red%20Tem%C3%A1tica|target:_blank|\u00bb][vc_btn title=\u00bbGuia Pla d&apos;Inclusi\u00f3\u00bb style=\u00bbgradient-custom\u00bb gradient_custom_color_1=\u00bb#CEDAE0&#8243; gradient_custom_color_2=\u00bb#D8DFE2&#8243; gradient_text_color=\u00bb#414141&#8243; size=\u00bblg\u00bb align=\u00bbleft\u00bb i_icon_fontawesome=\u00bbfa fa-regular fa-file-pdf\u00bb css_animation=\u00bbfadeIn\u00bb css=\u00bb\u00bb add_icon=\u00bbtrue\u00bb link=\u00bburl:https%3A%2F%2Freceviladecans.cat%2Fwp-content%2Fuploads%2F2025%2F09%2FGUIA-PARA-LA-ELABORACION-DE-UN-PLAN-DE-INCLUSION-EN-UNA-CIUDAD-EDUCADORA-version-28-de-agosto.pdf|title:Gu%C3%ADa%20Plan%20de%20Inclusi%C3%B3n|target:_blank|\u00bb][vc_btn title=\u00bbJuego &quot;La Ciudad Inclusiva&quot;\u00bb style=\u00bbgradient-custom\u00bb gradient_custom_color_1=\u00bb#CEDAE0&#8243; gradient_custom_color_2=\u00bb#D8DFE2&#8243; gradient_text_color=\u00bb#414141&#8243; size=\u00bblg\u00bb align=\u00bbleft\u00bb i_icon_fontawesome=\u00bbfa fa-solid fa-file-zipper\u00bb css_animation=\u00bbfadeIn\u00bb css=\u00bb\u00bb add_icon=\u00bbtrue\u00bb link=\u00bburl:https%3A%2F%2Freceviladecans.cat%2Fwp-content%2Fuploads%2F2025%2F09%2Fjuego-laciudadinclusiva.zip|title:Juego%20%22La%20Ciudad%20Inclusiva%22|target:_blank|\u00bb][\/vc_column_inner][vc_column_inner width=\u00bb1\/2&#8243;][vc_single_image image=\u00bb341&#8243; img_size=\u00bblarge\u00bb alignment=\u00bbcenter\u00bb css=\u00bb\u00bb el_class=\u00bbimatge-text\u00bb][\/vc_column_inner][\/vc_row_inner][\/vc_tta_section][vc_tta_section title=\u00bbGranollers\u00bb tab_id=\u00bbgranollers\u00bb][vc_custom_heading text=\u00bbRed Granollers\u00bb font_container=\u00bbtag:h2|text_align:left|color:%23CA4D5D\u00bb use_theme_fonts=\u00bbyes\u00bb css_animation=\u00bbfadeIn\u00bb css=\u00bb\u00bb][vc_custom_heading text=\u00bbEducaci\u00f3n y cultura. Estrategias para la construcci\u00f3n de una ciudad inclusiva\/comunidad para el desarrollo de una ciudadan\u00eda cr\u00edtica y creativa \u00bb font_container=\u00bbtag:h3|text_align:left|color:%23CEDBE0&#8243; use_theme_fonts=\u00bbyes\u00bb css_animation=\u00bbfadeIn\u00bb css=\u00bb.vc_custom_1738624142549{margin-bottom: 2em !important;}\u00bb][vc_row_inner][vc_column_inner width=\u00bb1\/2&#8243;][vc_column_text css=\u00bb.vc_custom_1738623441601{margin-bottom: 0px !important;}\u00bb]<strong>CIUDAD COORDINADORA<\/strong><\/p>\n<p>Granollers.<\/p>\n<p><b>OBJETIVOS DE LA RED<\/b><\/p>\n<ul>\n<li>Definir marcos te\u00f3ricos y conceptuales de los \u00e1mbitos de la red que nos ocupa y generar procesos de reflexi\u00f3n (pensamiento cr\u00edtico, ciudadan\u00eda creativa, acci\u00f3n comunitaria,\u2026).<\/li>\n<li>Conocer y compartir experiencias, proyectos significativos y los impactos generados. Analizar caracter\u00edsticas comunes. <\/li>\n<li>Observar, analizar y contrastar de cada ciudad participante y del conjunto: niveles de cohesi\u00f3n, niveles de segregaci\u00f3n, niveles de exclusi\u00f3n, niveles de identificaci\u00f3n\/sentimiento de pertenencia, niveles de participaci\u00f3n.<\/li>\n<li>Generar, dise\u00f1ar modelos de actuaci\u00f3n, estrategias y acciones dirigidas por una parte en la construcci\u00f3n de comunidades y por otra parte a promover una ciudadan\u00eda cr\u00edtica y creativa.<\/li>\n<li>Definir los retos que en ese \u00e1mbito tienen planteados nuestras ciudades.<\/li>\n<\/ul>\n<p>[\/vc_column_text][\/vc_column_inner][vc_column_inner width=\u00bb1\/2&#8243;][vc_single_image image=\u00bb343&#8243; img_size=\u00bblarge\u00bb alignment=\u00bbcenter\u00bb css=\u00bb\u00bb el_class=\u00bbimatge-text\u00bb][\/vc_column_inner][\/vc_row_inner][vc_row_inner][vc_column_inner][vc_column_text css=\u00bb.vc_custom_1738623458044{margin-bottom: 0px !important;}\u00bb]<b>CIUDADES PARTICIPANTES DE LA RED:<\/b><\/p>\n<ul class=\"llista-ciutats\">\n<li>Avil\u00e9s<\/li>\n<li>Barakaldo<\/li>\n<li>Barcelona<\/li>\n<li>Bilbao<\/li>\n<li>Canovelles<\/li>\n<li>Castell d\u2019Aro, Platja d\u2019Aro y S\u2019agar\u00f3<\/li>\n<li>Castelldefels<\/li>\n<li>Donostia-San Sebasti\u00e1n<\/li>\n<li>El Prat de Llobregat<\/li>\n<li>Gij\u00f3n\/Xix\u00f3n<\/li>\n<li>Girona<\/li>\n<li>Ibi<\/li>\n<li>Illescas<\/li>\n<li>Lleida<\/li>\n<li>Manlleu<\/li>\n<li>Ma\u00f3<\/li>\n<li>Quart de Poblet<\/li>\n<li>Rivas Vaciamadrid<\/li>\n<li>Sant Cugat del Vall\u00e8s<\/li>\n<li>Sant Feliu de Llobregat<\/li>\n<li>Sant Just Desvern<\/li>\n<li>Santa Perp\u00e8tua de la Mogoda<\/li>\n<li>Tarragona<\/li>\n<li>Tomelloso<\/li>\n<li>Val\u00e8ncia<\/li>\n<li>Viladecans<\/li>\n<li>Vila-Real<\/li>\n<li>Vitoria-Gasteiz<\/li>\n<li>X\u00e0tiva<\/li>\n<li>Zaragoza<\/li>\n<\/ul>\n<p>[\/vc_column_text][vc_btn title=\u00bbPropuesta de Red Tem\u00e1tica Granollers\u00bb style=\u00bbgradient-custom\u00bb gradient_custom_color_1=\u00bb#CEDAE0&#8243; gradient_custom_color_2=\u00bb#D8DFE2&#8243; gradient_text_color=\u00bb#414141&#8243; size=\u00bblg\u00bb align=\u00bbleft\u00bb i_icon_fontawesome=\u00bbfa fa-regular fa-file-pdf\u00bb css_animation=\u00bbfadeIn\u00bb css=\u00bb\u00bb add_icon=\u00bbtrue\u00bb link=\u00bburl:https%3A%2F%2Freceviladecans.cat%2Fwp-content%2Fuploads%2F2025%2F02%2FPropuesta-Red-Tematica-Granollers.pdf|title:Propuesta%20de%20Red%20Tem%C3%A1tica|target:_blank|\u00bb][vc_btn title=\u00bbPublicaci\u00f3n Final de la Red Tem\u00e1tica Granollers\u00bb style=\u00bbgradient-custom\u00bb gradient_custom_color_1=\u00bb#CEDAE0&#8243; gradient_custom_color_2=\u00bb#D8DFE2&#8243; gradient_text_color=\u00bb#414141&#8243; size=\u00bblg\u00bb align=\u00bbleft\u00bb i_icon_fontawesome=\u00bbfa fa-regular fa-file-pdf\u00bb css_animation=\u00bbfadeIn\u00bb css=\u00bb\u00bb add_icon=\u00bbtrue\u00bb link=\u00bburl:https%3A%2F%2Freceviladecans.cat%2Fwp-content%2Fuploads%2F2026%2F01%2FDEF_A4_Granollers_Rece_vdec2025.pdf|title:Publicaci%C3%B3n%20Final%20de%20la%20Red%20Tem%C3%A1tica|target:_blank|\u00bb][\/vc_column_inner][\/vc_row_inner][\/vc_tta_section][vc_tta_section title=\u00bbRivas Vaciamadrid\u00bb tab_id=\u00bbxarxa-rivas-vaciamadrid\u00bb][vc_custom_heading text=\u00bbRed Rivas Vaciamadrid\u00bb font_container=\u00bbtag:h2|text_align:left|color:%23CA4D5D\u00bb use_theme_fonts=\u00bbyes\u00bb css_animation=\u00bbfadeIn\u00bb css=\u00bb\u00bb][vc_custom_heading text=\u00bbNi\u00f1as, ni\u00f1os y adolescentes: transformando su ciudad\u00bb font_container=\u00bbtag:h3|text_align:left|color:%23CEDBE0&#8243; use_theme_fonts=\u00bbyes\u00bb css_animation=\u00bbfadeIn\u00bb css=\u00bb.vc_custom_1742302605685{margin-bottom: 2em !important;}\u00bb][vc_row_inner][vc_column_inner width=\u00bb1\/2&#8243;][vc_column_text css=\u00bb.vc_custom_1738624373756{margin-bottom: 0px !important;}\u00bb]<strong>CIUDAD COORDINADORA<\/strong><\/p>\n<p>Rivas Vaciamadrid.<\/p>\n<p><b>OBJETIVOS DE LA RED<\/b><\/p>\n<ul>\n<li>Generar procesos de reflexi\u00f3n y desarrollo de proyectos de transformaci\u00f3n de la ciudad con la infancia y la adolescencia.<\/li>\n<li>Propiciar la aplicaci\u00f3n pr\u00e1ctica de las conclusiones de la primera parte de la red tem\u00e1tica \u00abTransformaci\u00f3n de la ciudad (Agenda Urbana) desde y con la perspectiva de la infancia y la adolescencia\u00bb.<\/li>\n<\/ul>\n<p><b>CIUDADES PARTICIPANTES DE LA RED:<\/b><\/p>\n<ul class=\"llista-ciutats\">\n<li>Alcal\u00e1 de Guadaira<\/li>\n<li>Almorad\u00ed<\/li>\n<li>Aspe<\/li>\n<li>Barakaldo<\/li>\n<li>Barcelona<\/li>\n<li>Binissalem<\/li>\n<li>Burjassot<\/li>\n<li>Castelldefels<\/li>\n<li>Chiclana de la Frontera<\/li>\n<li>Ciudad Real<\/li>\n<li>Getafe<\/li>\n<li>Gij\u00f3n\/Xix\u00f3n<\/li>\n<li>Girona<\/li>\n<li>L\u2019Hospitalet<\/li>\n<li>Las Palmas de Gran Canaria<\/li>\n<li>Logro\u00f1o<\/li>\n<li>Mislata<\/li>\n<li>Mollet del Vall\u00e8s<\/li>\n<li>Palma<\/li>\n<li>Paterna<\/li>\n<li>Reus<\/li>\n<li>Salamanca<\/li>\n<li>Sant Boi de Llobregat<\/li>\n<li>Sant Feliu de Llobregat<\/li>\n<li>Sant Just Desvern<\/li>\n<li>Tarragona<\/li>\n<li>Valdepe\u00f1as<\/li>\n<li>Villanueva de la Torre<\/li>\n<\/ul>\n<p>[\/vc_column_text][vc_btn title=\u00bbPropuesta de Red Tem\u00e1tica Rivas Vaciamadrid\u00bb style=\u00bbgradient-custom\u00bb gradient_custom_color_1=\u00bb#CEDAE0&#8243; gradient_custom_color_2=\u00bb#D8DFE2&#8243; gradient_text_color=\u00bb#414141&#8243; size=\u00bblg\u00bb align=\u00bbleft\u00bb i_icon_fontawesome=\u00bbfa fa-regular fa-file-pdf\u00bb css_animation=\u00bbfadeIn\u00bb css=\u00bb\u00bb add_icon=\u00bbtrue\u00bb link=\u00bburl:https%3A%2F%2Freceviladecans.cat%2Fwp-content%2Fuploads%2F2025%2F02%2FPropuesta-Red-Tematica-Rivas.pdf|title:Propuesta%20de%20Red%20Tem%C3%A1tica|target:_blank|\u00bb][vc_btn title=\u00bbPublicaci\u00f3n Final de la Red Tem\u00e1tica Rivas Vaciamadrid\u00bb style=\u00bbgradient-custom\u00bb gradient_custom_color_1=\u00bb#CEDAE0&#8243; gradient_custom_color_2=\u00bb#D8DFE2&#8243; gradient_text_color=\u00bb#414141&#8243; size=\u00bblg\u00bb align=\u00bbleft\u00bb i_icon_fontawesome=\u00bbfa fa-regular fa-file-pdf\u00bb css_animation=\u00bbfadeIn\u00bb css=\u00bb\u00bb add_icon=\u00bbtrue\u00bb link=\u00bburl:https%3A%2F%2Freceviladecans.cat%2Fwp-content%2Fuploads%2F2025%2F09%2FDEF_A4_RivasVaciaMadrid_Rece_vsep2025.pdf|title:Publicaci%C3%B3n%20Final%20de%20la%20Red%20Tem%C3%A1tica|target:_blank|\u00bb][\/vc_column_inner][vc_column_inner width=\u00bb1\/2&#8243;][vc_single_image image=\u00bb344&#8243; img_size=\u00bblarge\u00bb alignment=\u00bbcenter\u00bb css=\u00bb\u00bb el_class=\u00bbimatge-text\u00bb][\/vc_column_inner][\/vc_row_inner][\/vc_tta_section][\/vc_tta_tabs][\/vc_column][\/vc_row]<\/p>\n<\/div>","protected":false},"excerpt":{"rendered":"<p>[vc_row full_width=\u00bbstretch_row_content_no_spaces\u00bb content_placement=\u00bbmiddle\u00bb parallax=\u00bbcontent-moving\u00bb parallax_image=\u00bb168&#8243; css_animation=\u00bbfadeIn\u00bb el_id=\u00bbheader-title\u00bb css=\u00bb.vc_custom_1740610661487{margin-bottom: 4rem !important;}\u00bb][vc_column css=\u00bb.vc_custom_1738617474251{margin-top: 0px !important;margin-bottom: 0px !important;padding-top: 8rem !important;padding-bottom: 8rem !important;background-color: #D7D7D799 !important;}\u00bb][vc_custom_heading source=\u00bbpost_title\u00bb font_container=\u00bbtag:h1|text_align:center|color:%23616160&#8243; use_theme_fonts=\u00bbyes\u00bb css_animation=\u00bbnone\u00bb css=\u00bb.vc_custom_1738622140542{margin-bottom: 0px !important;}\u00bb][\/vc_column][\/vc_row][vc_row css_animation=\u00bbfadeIn\u00bb][vc_column][vc_tta_tabs style=\u00bbtheme-styled-minimal\u00bb alignment=\u00bbcenter\u00bb active_section=\u00bb1&#8243;][vc_tta_section title=\u00bbM\u00e1laga-Sevilla\u00bb tab_id=\u00bbxarxa-malaga-sevilla\u00bb][vc_custom_heading text=\u00bbRed M\u00e1laga y Sevilla\u00bb font_container=\u00bbtag:h2|text_align:left|color:%23CA4D5D\u00bb use_theme_fonts=\u00bbyes\u00bb css_animation=\u00bbfadeIn\u00bb css=\u00bb\u00bb][vc_custom_heading text=\u00bbLa inclusi\u00f3n, pilar de la ciudad educadora\u00bb font_container=\u00bbtag:h3|text_align:left|color:%23CEDBE0&#8243; use_theme_fonts=\u00bbyes\u00bb css_animation=\u00bbfadeIn\u00bb css=\u00bb.vc_custom_1742302588943{margin-bottom: 2em !important;}\u00bb][vc_row_inner][vc_column_inner&hellip;<\/p>\n","protected":false},"author":1,"featured_media":0,"parent":0,"menu_order":0,"comment_status":"closed","ping_status":"closed","template":"","meta":{"_acf_changed":false,"footnotes":""},"class_list":["post-401","page","type-page","status-publish","hentry"],"acf":[],"_links":{"self":[{"href":"https:\/\/receviladecans.cat\/es\/wp-json\/wp\/v2\/pages\/401","targetHints":{"allow":["GET"]}}],"collection":[{"href":"https:\/\/receviladecans.cat\/es\/wp-json\/wp\/v2\/pages"}],"about":[{"href":"https:\/\/receviladecans.cat\/es\/wp-json\/wp\/v2\/types\/page"}],"author":[{"embeddable":true,"href":"https:\/\/receviladecans.cat\/es\/wp-json\/wp\/v2\/users\/1"}],"replies":[{"embeddable":true,"href":"https:\/\/receviladecans.cat\/es\/wp-json\/wp\/v2\/comments?post=401"}],"version-history":[{"count":14,"href":"https:\/\/receviladecans.cat\/es\/wp-json\/wp\/v2\/pages\/401\/revisions"}],"predecessor-version":[{"id":1623,"href":"https:\/\/receviladecans.cat\/es\/wp-json\/wp\/v2\/pages\/401\/revisions\/1623"}],"wp:attachment":[{"href":"https:\/\/receviladecans.cat\/es\/wp-json\/wp\/v2\/media?parent=401"}],"curies":[{"name":"wp","href":"https:\/\/api.w.org\/{rel}","templated":true}]}}