{"id":517,"date":"2025-05-28T18:13:59","date_gmt":"2025-05-28T16:13:59","guid":{"rendered":"https:\/\/receviladecans.cat\/?page_id=517"},"modified":"2025-09-19T11:37:22","modified_gmt":"2025-09-19T09:37:22","slug":"rutas-inspiradoras","status":"publish","type":"page","link":"https:\/\/receviladecans.cat\/es\/rutas-inspiradoras\/","title":{"rendered":"Rutas inspiradoras"},"content":{"rendered":"<div class=\"wpb-content-wrapper\"><p>[vc_row full_width=\u00bbstretch_row_content_no_spaces\u00bb content_placement=\u00bbmiddle\u00bb parallax=\u00bbcontent-moving\u00bb parallax_image=\u00bb168&#8243; css_animation=\u00bbfadeIn\u00bb el_id=\u00bbheader-title\u00bb css=\u00bb.vc_custom_1740610674305{margin-bottom: 4rem !important;}\u00bb][vc_column css=\u00bb.vc_custom_1738617474251{margin-top: 0px !important;margin-bottom: 0px !important;padding-top: 8rem !important;padding-bottom: 8rem !important;background-color: #D7D7D799 !important;}\u00bb][vc_custom_heading source=\u00bbpost_title\u00bb font_container=\u00bbtag:h1|text_align:center|color:%23616160&#8243; use_theme_fonts=\u00bbyes\u00bb css_animation=\u00bbnone\u00bb css=\u00bb.vc_custom_1738622140542{margin-bottom: 0px !important;}\u00bb][\/vc_column][\/vc_row][vc_row css_animation=\u00bbfadeIn\u00bb][vc_column][vc_tta_accordion c_icon=\u00bbchevron\u00bb c_position=\u00bbright\u00bb active_section=\u00bb1&#8243; collapsible_all=\u00bbtrue\u00bb css=\u00bb.vc_custom_1748449872625{margin-bottom: 70px !important;}\u00bb][vc_tta_section title=\u00bbViladecans es ciudad orientadora\u00bb tab_id=\u00bbciutat-orientadora\u00bb][vc_row_inner content_placement=\u00bbmiddle\u00bb][vc_column_inner width=\u00bb2\/3&#8243;][vc_column_text css=\u00bb\u00bb]Esta ruta incluye una visita a la <b>Escuela de Nuevas Oportunidades (ENO)<\/b> y a su <b>aula gamificada<\/b>. A trav\u00e9s de una <b>mesa redonda<\/b> formada por agentes clave de la orientaci\u00f3n local, se abordar\u00e1 c\u00f3mo la ciudad promueve la orientaci\u00f3n mediante el <b>Plan de Orientaci\u00f3n Integral de Ciudad<\/b>, c\u00f3mo se conecta con el mundo empresarial y educativo para combatir el <b>abandono escolar<\/b> mediante la <b>Red Local de Transici\u00f3n Escuela-Trabajo<\/b> y c\u00f3mo ayuda a la ciudadan\u00eda a descubrir <b>sus talentos y aspiraciones<\/b>.<\/p>\n<p>La orientaci\u00f3n en Viladecans tiene un enfoque estrat\u00e9gico integral, e incluye la orientaci\u00f3n personal, social, acad\u00e9mico-profesional, pero tambi\u00e9n la orientaci\u00f3n hacia el talento y el emprendimiento, destacando una estrecha colaboraci\u00f3n del tejido empresarial del territorio. Est\u00e1 previsto realizar un subgrupo espec\u00edfico de orientaci\u00f3n al emprendimiento en el marco de la Ruta de Orientaci\u00f3n, ad\u00f3nde se explicar\u00e1n los diferentes proyectos municipales en este \u00e1mbito.<\/p>\n<p><strong>M\u00e1ximo participantes: <\/strong>35<\/p>\n<p><strong>Lugar:<\/strong> Centre de Promoci\u00f3 Econ\u00f2mica Can Calder\u00f3n[\/vc_column_text][\/vc_column_inner][vc_column_inner width=\u00bb1\/3&#8243;][vc_single_image image=\u00bb627&#8243; img_size=\u00bblarge\u00bb css=\u00bb\u00bb el_class=\u00bbimatge-text\u00bb][\/vc_column_inner][\/vc_row_inner][\/vc_tta_section][vc_tta_section title=\u00bbViladecans me cuida\u00bb tab_id=\u00bbcuida\u00bb][vc_row_inner content_placement=\u00bbmiddle\u00bb][vc_column_inner width=\u00bb2\/3&#8243;][vc_column_text css=\u00bb\u00bb]Esta ruta ofrece la oportunidad de conocer de cerca un modelo de intervenci\u00f3n social que se desarrolla en el municipio. En el <b>Espacio Emocional<\/b> del Casal de Barrio de La Uni\u00f3n, exploraremos los diferentes entornos que lo conforman y nos detendremos especialmente en el Espacio Emocional para hablar de las actividades que se llevan a cabo, as\u00ed como del <b>impacto <\/b>que generan en la comunidad. Adem\u00e1s, se realizar\u00e1 una actividad representativa del <b>taller <\/b>emocional para que los participantes la vivan en primera persona.<\/p>\n<p><strong>M\u00e1ximo participantes:<\/strong> 20<\/p>\n<p><strong>Lugar:<\/strong> Espai Emocional del Casal de barri de La Uni\u00f3n[\/vc_column_text][\/vc_column_inner][vc_column_inner width=\u00bb1\/3&#8243;][vc_single_image image=\u00bb539&#8243; img_size=\u00bblarge\u00bb css=\u00bb\u00bb el_class=\u00bbimatge-text\u00bb][\/vc_column_inner][\/vc_row_inner][\/vc_tta_section][vc_tta_section title=\u00bbViladecans es cultura y pr\u00e1ctica art\u00edstica\u00bb tab_id=\u00bbcultura-artistica\u00bb][vc_row_inner content_placement=\u00bbmiddle\u00bb][vc_column_inner width=\u00bb2\/3&#8243;][vc_column_text css=\u00bb\u00bb]Esta ruta ofrece una visita al <b>Ateneu de les Arts<\/b> que permitir\u00e1 conocer la evoluci\u00f3n de la educaci\u00f3n art\u00edstica en Viladecans, su integraci\u00f3n curricular y su impacto. Se mostrar\u00e1n los diversos <b>proyectos art\u00edsticos que se desarrollan en los centros educativos<\/b> de la ciudad, ofreciendo el ejemplo de una muestra musical con alumnado, destacando la apuesta municipal por el acceso de todo el alumnado a las artes.<\/p>\n<p><strong>M\u00e1ximo participantes:<\/strong> 30<\/p>\n<p><strong>Lugar:<\/strong> Ateneu de les Arts[\/vc_column_text][\/vc_column_inner][vc_column_inner width=\u00bb1\/3&#8243;][vc_single_image image=\u00bb559&#8243; img_size=\u00bblarge\u00bb css=\u00bb\u00bb el_class=\u00bbimatge-text\u00bb][\/vc_column_inner][\/vc_row_inner][\/vc_tta_section][vc_tta_section title=\u00bbViladecans es patrimonio, historia y cultura popular\u00bb tab_id=\u00bbcultura-popular\u00bb][vc_row_inner content_placement=\u00bbmiddle\u00bb][vc_column_inner width=\u00bb2\/3&#8243;][vc_column_text css=\u00bb\u00bb]Esta ruta ofrece una inmersi\u00f3n en <strong>el patrimonio y la cultura popular<\/strong> de Viladecans a trav\u00e9s de una experiencia vivencial en el Museo de Ca n\u2019Amat La visita comienza con una breve introducci\u00f3n en el edificio y su potencial did\u00e1ctico, y contin\u00faa con la proyecci\u00f3n de un audiovisual inmersivo protagonizado por las entidades locales, donde se mostrar\u00e1 tradiciones, fiestas y s\u00edmbolos identitarios. Adem\u00e1s, se recorrer\u00e1n las salas de patrimonio y la cocina del siglo XIX, con recursos interactivos pensados \u200b\u200bpara el p\u00fablico educativo, y se realizar\u00e1 una cata de la visita con mesita para descubrir la historia del municipio de una manera din\u00e1mica. La propuesta se completa con la presentaci\u00f3n de los materiales y actividades que el Museo ofrece en las escuelas, reforzando as\u00ed el v\u00ednculo comunitario y el reconocimiento del patrimonio inmaterial de Viladecans.<\/p>\n<p><strong>M\u00e1ximo participantes:<\/strong> 40<\/p>\n<p>Espacio: <strong>Museo de Viladecans<\/strong>[\/vc_column_text][\/vc_column_inner][vc_column_inner width=\u00bb1\/3&#8243;][vc_single_image image=\u00bb535&#8243; img_size=\u00bblarge\u00bb css=\u00bb\u00bb el_class=\u00bbimatge-text\u00bb][\/vc_column_inner][\/vc_row_inner][\/vc_tta_section][vc_tta_section title=\u00bbViladecans es compromiso con la primera infancia y sus familias\u00bb tab_id=\u00bbinfancia-families\u00bb][vc_row_inner content_placement=\u00bbmiddle\u00bb][vc_column_inner width=\u00bb2\/3&#8243;][vc_column_text css=\u00bb\u00bb]Esta ruta permite conocer la <b>red de servicios para ni\u00f1os de 0 a 3 a\u00f1os y sus familias<\/b>. Se visitar\u00e1 la Escuela Infantil Municipal La Pineda donde veremos las instalaciones y los servicios del Espacio Beb\u00e9, el Espacio Familiar y el Espacio multisensorial \u201csala m\u00e1gica\u201d. Se har\u00e1 visible el proyecto municipal y la <b>coordinaci\u00f3n entre servicios<\/b> para facilitar la <b>detecci\u00f3n precoz<\/b> (servicio de asesoramiento psicopedag\u00f3gico) y el acompa\u00f1amiento de los ni\u00f1os de 0-3 a\u00f1os y sus familias, como parte de un modelo de ciudad centrado en el bienestar y <b>desarrollo integral<\/b> de los m\u00e1s peque\u00f1os.<\/p>\n<p><strong>M\u00e1ximo participantes:<\/strong> 30<\/p>\n<p><strong>Lugar:<\/strong> EBM La Pineda[\/vc_column_text][\/vc_column_inner][vc_column_inner width=\u00bb1\/3&#8243;][vc_single_image image=\u00bb589&#8243; img_size=\u00bblarge\u00bb css=\u00bb\u00bb el_class=\u00bbimatge-text\u00bb][\/vc_column_inner][\/vc_row_inner][\/vc_tta_section][vc_tta_section title=\u00bbViladecans es Educaci\u00f3n 360&#8243; tab_id=\u00bbeducacio-360&#8243;][vc_row_inner content_placement=\u00bbmiddle\u00bb][vc_column_inner width=\u00bb2\/3&#8243;][vc_column_text css=\u00bb\u00bb]Esta ruta propone una inmersi\u00f3n pr\u00e1ctica y reflexiva en el modelo de <b>Educaci\u00f3n 360<\/b>, destacando proyectos como el <b>Pasaporte Edunauta<\/b>, el <b>F\u2019Estiu Jove<\/b>, las <b>Bibliotecas Abiertas<\/b> y los <b>Patios Abiertos<\/b>, que contribuyen significativamente al desarrollo integral de los ni\u00f1os y j\u00f3venes fuera del horario escolar. Mediante din\u00e1micas participativas se presentar\u00e1 el <b>Marco de Competencias Transversales<\/b> y el <b>Curr\u00edculo de Ciudad<\/b>, herramientas para vincular lo que ocurre dentro y fuera de la escuela.<\/p>\n<p><strong>M\u00e1ximo participantes:<\/strong> 40<\/p>\n<p><strong>Lugar:<\/strong> Biblioteca municipal<b> <\/b>[\/vc_column_text][\/vc_column_inner][vc_column_inner width=\u00bb1\/3&#8243;][vc_single_image image=\u00bb563&#8243; img_size=\u00bblarge\u00bb css=\u00bb\u00bb el_class=\u00bbimatge-text\u00bb][\/vc_column_inner][\/vc_row_inner][\/vc_tta_section][vc_tta_section title=\u00bbViladecans es aprendizaje cient\u00edfico y fabricaci\u00f3n digital\u00bb tab_id=\u00bbciencialab\u00bb][vc_row_inner content_placement=\u00bbmiddle\u00bb][vc_column_inner width=\u00bb2\/3&#8243;][vc_column_text css=\u00bb\u00bb]Esta ruta ofrece una inmersi\u00f3n en un espacio de <b>educaci\u00f3n cient\u00edfica<\/b>, como es el <b>CienciaLab<\/b>, donde se trabaja con el <b>m\u00e9todo cient\u00edfico<\/b>, la <b>rob\u00f3tica<\/b> y las <b>disciplinas STEM<\/b> mediante proyectos reales. Se pondr\u00e1 en valor su compromiso \u00e9tico y social, as\u00ed como la conexi\u00f3n con <b>empresas, universidades y centros de investigaci\u00f3n<\/b>. Un claro ejemplo de c\u00f3mo acercar la ciencia de forma <b>pr\u00e1ctica y motivadora<\/b>.<\/p>\n<p><strong>M\u00e1ximo participantes:<\/strong> 25<\/p>\n<p><strong>Lugar:<\/strong> CienciaLab[\/vc_column_text][\/vc_column_inner][vc_column_inner width=\u00bb1\/3&#8243;][vc_single_image image=\u00bb565&#8243; img_size=\u00bblarge\u00bb css=\u00bb\u00bb el_class=\u00bbimatge-text\u00bb][\/vc_column_inner][\/vc_row_inner][\/vc_tta_section][vc_tta_section title=\u00bbViladecans es su litoral\u00bb tab_id=\u00bblitoral\u00bb][vc_row_inner content_placement=\u00bbtop\u00bb][vc_column_inner width=\u00bb2\/3&#8243;][vc_column_text css=\u00bb\u00bb]<strong>Viladecans es una ciudad comprometida con el medio ambiente y con la necesidad de sensibilizar la ciudadan\u00eda sobre la importancia de proteger la biodiversidad y fomentar h\u00e1bitos sostenibles.<\/strong><\/p>\n<p>La actividad principal tiene lugar en el <strong>espacio natural del Remolar-Filipinas<\/strong>, parte de la <strong>Xarxa Natura 2000<\/strong>, donde los participantes descubrir\u00e1n de cerca la riqueza de los ecosistemas mediterr\u00e1neos \u2014lagunas, marismas, dunas y pinar litoral\u2014, as\u00ed como varios <strong>proyectos de restauraci\u00f3n ambiental y programas educativos<\/strong> que promueven la conservaci\u00f3n y la participaci\u00f3n ciudadana.<\/p>\n<p>Aprovechando este espacio, tambi\u00e9n se presentar\u00e1n otras iniciativas que se desarrollan en la ciudad, como el proyecto <strong>Bee Happy<\/strong>, con la <strong>Casa de las Abejas<\/strong> como centro de sensibilizaci\u00f3n sobre el papel clave de los polinizadores, o <strong>Viladecans Repara<\/strong>, un proyecto de <strong>educaci\u00f3n ambiental y econom\u00eda circular<\/strong> que fomenta la reparaci\u00f3n, reutilizaci\u00f3n y el consumo responsable.<\/p>\n<p>Esta ruta combina <strong>descubrimiento, aprendizaje y compromiso ambiental<\/strong>, invitando a reflexionar sobre el impacto de nuestras acciones en el medio natural.<\/p>\n<p><strong>M\u00e1ximo participantes:<\/strong> 25<\/p>\n<p><strong>Lugar:<\/strong> Playa de Viladecans[\/vc_column_text][\/vc_column_inner][vc_column_inner width=\u00bb1\/3&#8243;][vc_single_image image=\u00bb549&#8243; img_size=\u00bblarge\u00bb css=\u00bb\u00bb el_class=\u00bbimatge-text\u00bb][\/vc_column_inner][\/vc_row_inner][\/vc_tta_section][\/vc_tta_accordion][\/vc_column][\/vc_row]<\/p>\n<\/div>","protected":false},"excerpt":{"rendered":"<p>[vc_row full_width=\u00bbstretch_row_content_no_spaces\u00bb content_placement=\u00bbmiddle\u00bb parallax=\u00bbcontent-moving\u00bb parallax_image=\u00bb168&#8243; css_animation=\u00bbfadeIn\u00bb el_id=\u00bbheader-title\u00bb css=\u00bb.vc_custom_1740610674305{margin-bottom: 4rem !important;}\u00bb][vc_column css=\u00bb.vc_custom_1738617474251{margin-top: 0px !important;margin-bottom: 0px !important;padding-top: 8rem !important;padding-bottom: 8rem !important;background-color: #D7D7D799 !important;}\u00bb][vc_custom_heading source=\u00bbpost_title\u00bb font_container=\u00bbtag:h1|text_align:center|color:%23616160&#8243; use_theme_fonts=\u00bbyes\u00bb css_animation=\u00bbnone\u00bb css=\u00bb.vc_custom_1738622140542{margin-bottom: 0px !important;}\u00bb][\/vc_column][\/vc_row][vc_row css_animation=\u00bbfadeIn\u00bb][vc_column][vc_tta_accordion c_icon=\u00bbchevron\u00bb c_position=\u00bbright\u00bb active_section=\u00bb1&#8243; collapsible_all=\u00bbtrue\u00bb css=\u00bb.vc_custom_1748449872625{margin-bottom: 70px !important;}\u00bb][vc_tta_section title=\u00bbViladecans es ciudad orientadora\u00bb tab_id=\u00bbciutat-orientadora\u00bb][vc_row_inner content_placement=\u00bbmiddle\u00bb][vc_column_inner width=\u00bb2\/3&#8243;][vc_column_text css=\u00bb\u00bb]Esta ruta incluye una visita a la Escuela de Nuevas Oportunidades (ENO)&hellip;<\/p>\n","protected":false},"author":1,"featured_media":0,"parent":0,"menu_order":0,"comment_status":"closed","ping_status":"closed","template":"","meta":{"_acf_changed":false,"footnotes":""},"class_list":["post-517","page","type-page","status-publish","hentry"],"acf":[],"_links":{"self":[{"href":"https:\/\/receviladecans.cat\/es\/wp-json\/wp\/v2\/pages\/517","targetHints":{"allow":["GET"]}}],"collection":[{"href":"https:\/\/receviladecans.cat\/es\/wp-json\/wp\/v2\/pages"}],"about":[{"href":"https:\/\/receviladecans.cat\/es\/wp-json\/wp\/v2\/types\/page"}],"author":[{"embeddable":true,"href":"https:\/\/receviladecans.cat\/es\/wp-json\/wp\/v2\/users\/1"}],"replies":[{"embeddable":true,"href":"https:\/\/receviladecans.cat\/es\/wp-json\/wp\/v2\/comments?post=517"}],"version-history":[{"count":31,"href":"https:\/\/receviladecans.cat\/es\/wp-json\/wp\/v2\/pages\/517\/revisions"}],"predecessor-version":[{"id":959,"href":"https:\/\/receviladecans.cat\/es\/wp-json\/wp\/v2\/pages\/517\/revisions\/959"}],"wp:attachment":[{"href":"https:\/\/receviladecans.cat\/es\/wp-json\/wp\/v2\/media?parent=517"}],"curies":[{"name":"wp","href":"https:\/\/api.w.org\/{rel}","templated":true}]}}